{"id":1419,"date":"2025-02-13T13:42:35","date_gmt":"2025-02-13T12:42:35","guid":{"rendered":"https:\/\/thebartenderssociety.com\/legal-notice\/"},"modified":"2025-02-26T16:18:28","modified_gmt":"2025-02-26T15:18:28","slug":"legal-notice","status":"publish","type":"page","link":"https:\/\/www.thebartenderssociety.com\/fr\/legal-notice\/","title":{"rendered":"Mentions L\u00e9gales"},"content":{"rendered":"\n<div class=\"wp-block-group is-layout-constrained wp-block-group-is-layout-constrained\">\n<p>L\u2019ACC\u00c8S \u00c0 CE SITE EST EXCLUSIVEMENT R\u00c9SERV\u00c9 \u00c0 UN PUBLIC MAJEUR DANS SON PAYS DE R\u00c9SIDENCE.<\/p>\n\n\n\n<p>Le pr\u00e9sent site promotionnel et commercial est la propri\u00e9t\u00e9 de la soci\u00e9t\u00e9 COFEPP, inscrite au registre du commerce et des soci\u00e9t\u00e9s de Cr\u00e9teil sous le num\u00e9ro 632 003 877 dont le si\u00e8ge social est situ\u00e9 18, rue de l\u2019Entrep\u00f4t \u2013 94227 CHARENTON-LE-PONT. La soci\u00e9t\u00e9 COFEPP vous remercie de votre visite. En parcourant les pages de son site, l\u2019internaute reconna\u00eet avoir lu et accept\u00e9 les limites de responsabilit\u00e9s et les conditions d\u2019utilisation du site offertes par le r\u00e9seau Internet. La soci\u00e9t\u00e9 COFEPP ne peut \u00eatre tenue responsable des difficult\u00e9s de connexion au r\u00e9seau Internet ou de visualisation des pages du site. L\u2019internaute reconna\u00eet, en particulier, \u00eatre inform\u00e9 des diff\u00e9rences d\u2019interpr\u00e9tation des pages Internet par les diff\u00e9rents logiciels de navigation pr\u00e9sents sur le march\u00e9.<\/p>\n\n\n\n<p>Le pr\u00e9sent site est la propri\u00e9t\u00e9 de La soci\u00e9t\u00e9 COFEPP.<\/p>\n\n\n\n<p>Ce site est h\u00e9berg\u00e9 par Kinsta.<\/p>\n\n\n\n<p>Ce site web a \u00e9t\u00e9 d\u00e9velopp\u00e9 par l\u2019agence R2.<\/p>\n\n\n\n<p><strong>CONTACT<\/strong><\/p>\n\n\n\n<p>Nous vous invitons \u00e0 nous contacter via message dans notre onglet contact.<\/p>\n\n\n\n<p><strong>CONTENU ET INFORMATIONS<\/strong><\/p>\n\n\n\n<p>Le pr\u00e9sent site comporte un certain nombre d\u2019informations commerciales et institutionnelles.<\/p>\n\n\n\n<p>L\u2019acc\u00e8s \u00e0 ce site internet est strictement r\u00e9serv\u00e9 aux Utilisateurs ayant atteint l\u2019\u00e2ge l\u00e9gal pour la consommation d\u2019alcool dans le pays o\u00f9 il r\u00e9side lorsqu\u2019il acc\u00e8de au site internet. L\u2019Utilisateur doit \u00e9galement \u00eatre dans un pays ou territoire o\u00f9 l\u2019acc\u00e8s \u00e0 ce site internet est autoris\u00e9.<\/p>\n\n\n\n<p>La soci\u00e9t\u00e9 COFEPP ne sollicite pas et ne collecte pas en toute connaissance de cause, d\u2019informations personnelles relatives \u00e0 des personnes n\u2019ayant pas atteint cet \u00e2ge l\u00e9gal. La soci\u00e9t\u00e9 COFEPP ne commercialise pas sciemment ses produits et services \u00e0 des personnes n\u2019ayant pas atteint cet \u00e2ge l\u00e9gal.<\/p>\n\n\n\n<p>Le site https:\/\/thebartenderssociety.com met \u00e0 disposition un contenu fourni \u00e0 titre informatif. Ces informations sont fournies en l\u2019\u00e9tat, quelle que soit leur origine. La responsabilit\u00e9 de la soci\u00e9t\u00e9 COFEPP ne saurait \u00eatre engag\u00e9e en raison de l\u2019inexactitude, des erreurs ou de l\u2019omission des informations diffus\u00e9es sur son site. Les tarifs, s\u2019il y en a, sont donn\u00e9s \u00e0 titre indicatif.<\/p>\n\n\n\n<p>La soci\u00e9t\u00e9 COFEPP se r\u00e9serve le droit, \u00e0 sa seule discr\u00e9tion et sans obligation, de supprimer, d\u2019am\u00e9liorer ou de corriger tout ou partie des \u00e9l\u00e9ments figurants sur son site. Elle ne garantit pas que les services de son site seront assur\u00e9s sans interruption et sans erreur, ou que les d\u00e9fauts \u00e9ventuels seront corrig\u00e9s. La soci\u00e9t\u00e9 n\u2019accorde \u00e9galement aucune garantie et d\u00e9cline toute responsabilit\u00e9, en cas de pr\u00e9sence de virus ou de tous autres \u00e9l\u00e9ments susceptibles d\u2019\u00eatre dommageables pour l\u2019utilisateur.<\/p>\n\n\n\n<p>L\u2019utilisateur qui a \u00e9t\u00e9 invit\u00e9 \u00e0 prendre connaissance du pr\u00e9sent avertissement pr\u00e9alable avant la consultation du site est pr\u00e9sum\u00e9 \u00eatre parfaitement inform\u00e9 de cet avertissement et y adh\u00e9rer sans r\u00e9serve.<\/p>\n\n\n\n<p><strong>LIENS HYPERTEXTES<\/strong><\/p>\n\n\n\n<p>La pr\u00e9sence de liens hypertexte renvoyant vers d\u2019autres sites ne constitue pas une garantie sur la qualit\u00e9 de contenu et de bon fonctionnement desdits sites. La responsabilit\u00e9 de la soci\u00e9t\u00e9 COFEPP ne saurait \u00eatre engag\u00e9e quant au contenu de ces sites. L\u2019internaute doit utiliser ces informations avec les pr\u00e9cautions d\u2019usage.<\/p>\n\n\n\n<p>La cr\u00e9ation de liens hypertexte vers le site https:\/\/thebartenderssociety.com est soumise \u00e0 son accord pr\u00e9alable. Dans le cas de la cr\u00e9ation d\u2019un lien hypertexte vers le site https:\/\/thebartenderssociety.com qui n\u2019aurait pas fait l\u2019objet d\u2019un accord pr\u00e9alable, la soci\u00e9t\u00e9 COFEPP, si elle n\u2019en approuve pas le contenu, se r\u00e9serve le droit d\u2019exiger \u00e0 tout moment le retrait dudit lien hypertexte pointant sur son site.<\/p>\n\n\n\n<p>La soci\u00e9t\u00e9 COFEPP ne saurait \u00eatre engag\u00e9e d\u2019aucune fa\u00e7on par l\u2019existence d\u2019un lien vers son site \u00e0 partir d\u2019un site tiers.<\/p>\n\n\n\n<p>La soci\u00e9t\u00e9 COFEPP n\u2019exerce pas de contr\u00f4le sur le contenu des liens externes ou contacts auxquels ceux-ci peuvent renvoyer.<\/p>\n\n\n\n<p><strong>POLITIQUE DE CONFIDENTIALIT\u00c9 ET COOKIES<\/strong><\/p>\n\n\n\n<p>Identit\u00e9 du responsable du traitement :<\/p>\n\n\n\n<p>COFEPP, soci\u00e9t\u00e9 anonyme \u00e0 directoire et conseil de surveillance, au capital de 5.900.000 euros, immatricul\u00e9e au Registre du Commerce et des Soci\u00e9t\u00e9s de Cr\u00e9teil sous le num\u00e9ro 572 056 331, dont le num\u00e9ro de TVA est FR 94 572 056 331 et dont le si\u00e8ge social se situe 18 rue de l\u2019entrep\u00f4t, 94227 CHARENTON LE PONT CEDEX.<\/p>\n\n\n\n<p>Terminologie :<\/p>\n\n\n\n<p>Utilisateur : toute personne physique, poss\u00e9dant un compte personnel d\u2019Utilisateur ou non, utilisant le site https:\/\/thebartenderssociety.com ou l\u2019un des services propos\u00e9s sur celui-ci.<\/p>\n\n\n\n<p>Site : il s\u2019agit du site https:\/\/thebartenderssociety.com<\/p>\n\n\n\n<p><strong>DROITS D\u2019AUTEUR<\/strong><\/p>\n\n\n\n<p>La reproduction, l\u2019utilisation, l\u2019exploitation des photographies, des images, des textes, des extractions de base de donn\u00e9es, des \u00e9l\u00e9ments de conception graphique et en r\u00e8gle g\u00e9n\u00e9rale de tous les \u00e9l\u00e9ments de publication du site sont interdites sans accord pr\u00e9alable de leurs auteurs. Le non-respect de cette interdiction constitue une contrefa\u00e7on pouvant engager la responsabilit\u00e9 civile et p\u00e9nale du contrefacteur.<\/p>\n\n\n\n<p>L\u2019Utilisateur reconna\u00eet donc que le contenu de ce site et les \u00e9l\u00e9ments qui le composent sont prot\u00e9g\u00e9s par des droits de propri\u00e9t\u00e9 intellectuelle et que toute copie, reproduction, diffusion, vente, ou exploitation, quel que soit le proc\u00e9d\u00e9 est strictement interdit.<\/p>\n\n\n\n<p>Seule reste permise l\u2019utilisation \u00e0 titre exclusivement priv\u00e9 et \u00e0 des fins non commerciales. Dans toute la mesure du possible, la soci\u00e9t\u00e9 COFEPP s\u2019assure avant sa diffusion de la sinc\u00e9rit\u00e9 et de la bonne conformit\u00e9 des messages et des \u00e9l\u00e9ments figurant sur son site web. Elle ne dispose \u00e0 cet \u00e9gard que d\u2019une simple obligation de moyens et ne peut en aucun cas garantir l\u2019exactitude ou la fiabilit\u00e9 des informations et du contenu de son site.<\/p>\n\n\n\n<p>Le contenu de ce site est prot\u00e9g\u00e9 par les droits d\u2019auteur en application de l\u2019article L122-4 du code de la propri\u00e9t\u00e9 intellectuelle. Les images et les textes de ce site internet sont la propri\u00e9t\u00e9 des photographes et des auteurs. La soci\u00e9t\u00e9 COFEPP en a acquis les droits de reproduction et d\u2019exploitation c\u2019est pourquoi la reproduction des images \u00e0 des fins publicitaires ou commerciales pour des insertions dans des journaux, revues et autres publications g\u00e9n\u00e9rales ou sp\u00e9cialis\u00e9es et dans les m\u00e9dias \u00e9lectroniques ou tout autre support audio-visuel est strictement interdite.<\/p>\n\n\n\n<p><strong>RESPONSABILIT\u00c9<\/strong><\/p>\n\n\n\n<p>Pour la bonne gestion du site, COFEPP se r\u00e9serve la possibilit\u00e9, \u00e0 tout moment, de suspendre, d\u2019interrompre ou de limiter sans avis pr\u00e9alable, l\u2019acc\u00e8s \u00e0 tout ou partie du Site, de supprimer toute information pouvant perturber le fonctionnement de la plate-forme ou qui ne serait pas conforme \u00e0 la r\u00e9glementation en vigueur, ou encore de suspendre le site afin de proc\u00e9der \u00e0 des mises \u00e0 jour.<\/p>\n\n\n\n<p>COFEPP ne saurait \u00eatre tenue responsable d\u2019interruption de liaison, de pannes de serveurs, de probl\u00e8mes \u00e9lectriques ou autres li\u00e9s au r\u00e9seau informatique Internet, notamment en cas de d\u00e9faillance, panne, difficult\u00e9 ou interruption de fonctionnement, emp\u00eachant l\u2019acc\u00e8s au site ou \u00e0 l\u2019une de ses fonctionnalit\u00e9s.<\/p>\n\n\n\n<p>L\u2019utilisateur du site reconna\u00eet que son mat\u00e9riel de connexion au site est sous son enti\u00e8re responsabilit\u00e9 et qu\u2019il doit prendre toutes les mesures appropri\u00e9es visant \u00e0 prot\u00e9ger ses propres donn\u00e9es notamment d\u2019attaques virales par Internet.<\/p>\n\n\n\n<p>L\u2019utilisateur est par ailleurs seul responsable des sites et donn\u00e9es qu\u2019il consulte.<\/p>\n\n\n\n<p>COFEPP ne pourra \u00eatre tenue responsable en cas de poursuites judiciaires \u00e0 l\u2019encontre de l\u2019utilisateur du fait de l\u2019usage du site ou de tout service accessible via Internet.<\/p>\n\n\n\n<p>Enfin, l\u2019utilisateur du site reconna\u00eet qu\u2019il demeure responsable de tout dommage caus\u00e9 \u00e0 lui-m\u00eame, \u00e0 des tiers et\/ou \u00e0 son \u00e9quipement du fait de sa connexion ou de l\u2019utilisation du site.<\/p>\n\n\n\n<p><strong>POLITIQUE DE CONFIDENTIALIT\u00c9<\/strong><\/p>\n\n\n\n<p>Toutes les informations \u00e0 caract\u00e8re personnel vous concernant que vous nous aurez communiqu\u00e9es lors de l\u2019utilisation du site, y compris notamment les informations nominatives \u00e0 caract\u00e8re personnel qui auront \u00e9t\u00e9 recueillies lors de tout processus de renseignement de formulaires de contact, sont soumises \u00e0 la Politique de Confidentialit\u00e9 du site qui fait partie int\u00e9grante des pr\u00e9sentes Conditions d\u2019Utilisation et qui est accessible ici ou \u00e0 partir d\u2019un lien fourni en bas de chaque page du site.<\/p>\n\n\n\n<p>Nous vous invitons \u00e0 consulter r\u00e9guli\u00e8rement cette Politique de Confidentialit\u00e9, pour prendre connaissance d\u2019\u00e9ventuelles modifications qui y sont apport\u00e9es.<\/p>\n\n\n\n<p><strong>LOI APPLICABLE<\/strong><\/p>\n\n\n\n<p>Les pr\u00e9sentes Conditions d\u2019Utilisation du site sont r\u00e9gies par la loi fran\u00e7aise.<\/p>\n<\/div>\n","protected":false},"excerpt":{"rendered":"<p>L\u2019ACC\u00c8S \u00c0 CE SITE EST EXCLUSIVEMENT R\u00c9SERV\u00c9 \u00c0 UN PUBLIC MAJEUR DANS SON PAYS DE R\u00c9SIDENCE. Le pr\u00e9sent site promotionnel et commercial est la propri\u00e9t\u00e9 de la soci\u00e9t\u00e9 COFEPP, inscrite au registre du commerce et des soci\u00e9t\u00e9s de Cr\u00e9teil sous le num\u00e9ro 632 003 877 dont le si\u00e8ge social est situ\u00e9 18, rue de l\u2019Entrep\u00f4t [&hellip;]<\/p>\n","protected":false},"author":1,"featured_media":0,"parent":0,"menu_order":0,"comment_status":"closed","ping_status":"closed","template":"","meta":{"_acf_changed":false,"footnotes":""},"class_list":["post-1419","page","type-page","status-publish","hentry"],"acf":[],"yoast_head":"<!-- This site is optimized with the Yoast SEO plugin v25.8 - https:\/\/yoast.com\/wordpress\/plugins\/seo\/ -->\n<title>Mentions L\u00e9gales - The Bartenders Society<\/title>\n<meta name=\"robots\" content=\"index, follow, max-snippet:-1, max-image-preview:large, max-video-preview:-1\" \/>\n<link rel=\"canonical\" href=\"https:\/\/www.thebartenderssociety.com\/fr\/legal-notice\/\" \/>\n<meta property=\"og:locale\" content=\"fr_FR\" \/>\n<meta property=\"og:type\" content=\"article\" \/>\n<meta property=\"og:title\" content=\"Mentions L\u00e9gales - The Bartenders Society\" \/>\n<meta property=\"og:description\" content=\"L\u2019ACC\u00c8S \u00c0 CE SITE EST EXCLUSIVEMENT R\u00c9SERV\u00c9 \u00c0 UN PUBLIC MAJEUR DANS SON PAYS DE R\u00c9SIDENCE. Le pr\u00e9sent site promotionnel et commercial est la propri\u00e9t\u00e9 de la soci\u00e9t\u00e9 COFEPP, inscrite au registre du commerce et des soci\u00e9t\u00e9s de Cr\u00e9teil sous le num\u00e9ro 632 003 877 dont le si\u00e8ge social est situ\u00e9 18, rue de l\u2019Entrep\u00f4t [&hellip;]\" \/>\n<meta property=\"og:url\" content=\"https:\/\/www.thebartenderssociety.com\/fr\/legal-notice\/\" \/>\n<meta property=\"og:site_name\" content=\"The Bartenders Society\" \/>\n<meta property=\"article:publisher\" content=\"https:\/\/www.facebook.com\/thebartenderssociety\/\" \/>\n<meta property=\"article:modified_time\" content=\"2025-02-26T15:18:28+00:00\" \/>\n<meta name=\"twitter:card\" content=\"summary_large_image\" \/>\n<meta name=\"twitter:label1\" content=\"Est. reading time\" \/>\n\t<meta name=\"twitter:data1\" content=\"6 minutes\" \/>\n<script type=\"application\/ld+json\" class=\"yoast-schema-graph\">{\"@context\":\"https:\/\/schema.org\",\"@graph\":[{\"@type\":\"WebPage\",\"@id\":\"https:\/\/www.thebartenderssociety.com\/fr\/legal-notice\/\",\"url\":\"https:\/\/www.thebartenderssociety.com\/fr\/legal-notice\/\",\"name\":\"Mentions L\u00e9gales - The Bartenders Society\",\"isPartOf\":{\"@id\":\"https:\/\/www.thebartenderssociety.com\/#website\"},\"datePublished\":\"2025-02-13T12:42:35+00:00\",\"dateModified\":\"2025-02-26T15:18:28+00:00\",\"breadcrumb\":{\"@id\":\"https:\/\/www.thebartenderssociety.com\/fr\/legal-notice\/#breadcrumb\"},\"inLanguage\":\"fr-FR\",\"potentialAction\":[{\"@type\":\"ReadAction\",\"target\":[\"https:\/\/www.thebartenderssociety.com\/fr\/legal-notice\/\"]}]},{\"@type\":\"BreadcrumbList\",\"@id\":\"https:\/\/www.thebartenderssociety.com\/fr\/legal-notice\/#breadcrumb\",\"itemListElement\":[{\"@type\":\"ListItem\",\"position\":1,\"name\":\"Home\",\"item\":\"https:\/\/www.thebartenderssociety.com\/fr\/\"},{\"@type\":\"ListItem\",\"position\":2,\"name\":\"Mentions L\u00e9gales\"}]},{\"@type\":\"WebSite\",\"@id\":\"https:\/\/www.thebartenderssociety.com\/#website\",\"url\":\"https:\/\/www.thebartenderssociety.com\/\",\"name\":\"The Bartenders Society\",\"description\":\"\",\"publisher\":{\"@id\":\"https:\/\/www.thebartenderssociety.com\/#organization\"},\"potentialAction\":[{\"@type\":\"SearchAction\",\"target\":{\"@type\":\"EntryPoint\",\"urlTemplate\":\"https:\/\/www.thebartenderssociety.com\/?s={search_term_string}\"},\"query-input\":{\"@type\":\"PropertyValueSpecification\",\"valueRequired\":true,\"valueName\":\"search_term_string\"}}],\"inLanguage\":\"fr-FR\"},{\"@type\":\"Organization\",\"@id\":\"https:\/\/www.thebartenderssociety.com\/#organization\",\"name\":\"The Bartenders Society\",\"url\":\"https:\/\/www.thebartenderssociety.com\/\",\"logo\":{\"@type\":\"ImageObject\",\"inLanguage\":\"fr-FR\",\"@id\":\"https:\/\/www.thebartenderssociety.com\/#\/schema\/logo\/image\/\",\"url\":\"https:\/\/thebartenderssociety.com\/app\/uploads\/2025\/02\/blm25_tbs_10ans_4_complet-1.png\",\"contentUrl\":\"https:\/\/thebartenderssociety.com\/app\/uploads\/2025\/02\/blm25_tbs_10ans_4_complet-1.png\",\"width\":650,\"height\":650,\"caption\":\"The Bartenders Society\"},\"image\":{\"@id\":\"https:\/\/www.thebartenderssociety.com\/#\/schema\/logo\/image\/\"},\"sameAs\":[\"https:\/\/www.facebook.com\/thebartenderssociety\/\"]}]}<\/script>\n<!-- \/ Yoast SEO plugin. -->","yoast_head_json":{"title":"Mentions L\u00e9gales - The Bartenders Society","robots":{"index":"index","follow":"follow","max-snippet":"max-snippet:-1","max-image-preview":"max-image-preview:large","max-video-preview":"max-video-preview:-1"},"canonical":"https:\/\/www.thebartenderssociety.com\/fr\/legal-notice\/","og_locale":"fr_FR","og_type":"article","og_title":"Mentions L\u00e9gales - The Bartenders Society","og_description":"L\u2019ACC\u00c8S \u00c0 CE SITE EST EXCLUSIVEMENT R\u00c9SERV\u00c9 \u00c0 UN PUBLIC MAJEUR DANS SON PAYS DE R\u00c9SIDENCE. Le pr\u00e9sent site promotionnel et commercial est la propri\u00e9t\u00e9 de la soci\u00e9t\u00e9 COFEPP, inscrite au registre du commerce et des soci\u00e9t\u00e9s de Cr\u00e9teil sous le num\u00e9ro 632 003 877 dont le si\u00e8ge social est situ\u00e9 18, rue de l\u2019Entrep\u00f4t [&hellip;]","og_url":"https:\/\/www.thebartenderssociety.com\/fr\/legal-notice\/","og_site_name":"The Bartenders Society","article_publisher":"https:\/\/www.facebook.com\/thebartenderssociety\/","article_modified_time":"2025-02-26T15:18:28+00:00","twitter_card":"summary_large_image","twitter_misc":{"Est. reading time":"6 minutes"},"schema":{"@context":"https:\/\/schema.org","@graph":[{"@type":"WebPage","@id":"https:\/\/www.thebartenderssociety.com\/fr\/legal-notice\/","url":"https:\/\/www.thebartenderssociety.com\/fr\/legal-notice\/","name":"Mentions L\u00e9gales - The Bartenders Society","isPartOf":{"@id":"https:\/\/www.thebartenderssociety.com\/#website"},"datePublished":"2025-02-13T12:42:35+00:00","dateModified":"2025-02-26T15:18:28+00:00","breadcrumb":{"@id":"https:\/\/www.thebartenderssociety.com\/fr\/legal-notice\/#breadcrumb"},"inLanguage":"fr-FR","potentialAction":[{"@type":"ReadAction","target":["https:\/\/www.thebartenderssociety.com\/fr\/legal-notice\/"]}]},{"@type":"BreadcrumbList","@id":"https:\/\/www.thebartenderssociety.com\/fr\/legal-notice\/#breadcrumb","itemListElement":[{"@type":"ListItem","position":1,"name":"Home","item":"https:\/\/www.thebartenderssociety.com\/fr\/"},{"@type":"ListItem","position":2,"name":"Mentions L\u00e9gales"}]},{"@type":"WebSite","@id":"https:\/\/www.thebartenderssociety.com\/#website","url":"https:\/\/www.thebartenderssociety.com\/","name":"The Bartenders Society","description":"","publisher":{"@id":"https:\/\/www.thebartenderssociety.com\/#organization"},"potentialAction":[{"@type":"SearchAction","target":{"@type":"EntryPoint","urlTemplate":"https:\/\/www.thebartenderssociety.com\/?s={search_term_string}"},"query-input":{"@type":"PropertyValueSpecification","valueRequired":true,"valueName":"search_term_string"}}],"inLanguage":"fr-FR"},{"@type":"Organization","@id":"https:\/\/www.thebartenderssociety.com\/#organization","name":"The Bartenders Society","url":"https:\/\/www.thebartenderssociety.com\/","logo":{"@type":"ImageObject","inLanguage":"fr-FR","@id":"https:\/\/www.thebartenderssociety.com\/#\/schema\/logo\/image\/","url":"https:\/\/thebartenderssociety.com\/app\/uploads\/2025\/02\/blm25_tbs_10ans_4_complet-1.png","contentUrl":"https:\/\/thebartenderssociety.com\/app\/uploads\/2025\/02\/blm25_tbs_10ans_4_complet-1.png","width":650,"height":650,"caption":"The Bartenders Society"},"image":{"@id":"https:\/\/www.thebartenderssociety.com\/#\/schema\/logo\/image\/"},"sameAs":["https:\/\/www.facebook.com\/thebartenderssociety\/"]}]}},"publishpress_future_action":{"enabled":false,"date":"2026-04-23 15:44:25","action":"change-status","newStatus":"draft","terms":[],"taxonomy":"translation_priority"},"publishpress_future_workflow_manual_trigger":{"enabledWorkflows":[]},"_links":{"self":[{"href":"https:\/\/www.thebartenderssociety.com\/fr\/wp-json\/wp\/v2\/pages\/1419","targetHints":{"allow":["GET"]}}],"collection":[{"href":"https:\/\/www.thebartenderssociety.com\/fr\/wp-json\/wp\/v2\/pages"}],"about":[{"href":"https:\/\/www.thebartenderssociety.com\/fr\/wp-json\/wp\/v2\/types\/page"}],"author":[{"embeddable":true,"href":"https:\/\/www.thebartenderssociety.com\/fr\/wp-json\/wp\/v2\/users\/1"}],"replies":[{"embeddable":true,"href":"https:\/\/www.thebartenderssociety.com\/fr\/wp-json\/wp\/v2\/comments?post=1419"}],"version-history":[{"count":2,"href":"https:\/\/www.thebartenderssociety.com\/fr\/wp-json\/wp\/v2\/pages\/1419\/revisions"}],"predecessor-version":[{"id":1545,"href":"https:\/\/www.thebartenderssociety.com\/fr\/wp-json\/wp\/v2\/pages\/1419\/revisions\/1545"}],"wp:attachment":[{"href":"https:\/\/www.thebartenderssociety.com\/fr\/wp-json\/wp\/v2\/media?parent=1419"}],"curies":[{"name":"wp","href":"https:\/\/api.w.org\/{rel}","templated":true}]}}